{"id":202,"date":"2014-02-07T22:06:33","date_gmt":"2014-02-07T20:06:33","guid":{"rendered":"http:\/\/www.hfv-boenen.bplaced.net\/wordpress\/?page_id=202"},"modified":"2024-02-18T19:43:26","modified_gmt":"2024-02-18T17:43:26","slug":"startseite","status":"publish","type":"page","link":"https:\/\/www.hfv-boenen.bplaced.net\/wordpress\/","title":{"rendered":"Startseite"},"content":{"rendered":"\n<figure class=\"wp-block-image size-large\"><a href=\"https:\/\/www.hfv-boenen.bplaced.net\/wordpress\/wp-content\/uploads\/2014\/02\/Logo.jpg\"><img loading=\"lazy\" decoding=\"async\" width=\"1024\" height=\"709\" src=\"https:\/\/www.hfv-boenen.bplaced.net\/wordpress\/wp-content\/uploads\/2014\/02\/Logo-1024x709.jpg\" alt=\"\" class=\"wp-image-2054\" srcset=\"https:\/\/www.hfv-boenen.bplaced.net\/wordpress\/wp-content\/uploads\/2014\/02\/Logo-1024x709.jpg 1024w, https:\/\/www.hfv-boenen.bplaced.net\/wordpress\/wp-content\/uploads\/2014\/02\/Logo-300x207.jpg 300w\" sizes=\"auto, (max-width: 1024px) 100vw, 1024px\" \/><\/a><\/figure>\n\n\n\n<div style=\"height:50px\" aria-hidden=\"true\" class=\"wp-block-spacer\"><\/div>\n\n\n\n<p class=\"has-text-align-center\"><strong>Willkommen beim Hegefischerverein Lippe 1988 e.V.<\/strong><\/p>\n\n\n\n<p>Sch\u00f6n, dass Sie bei uns hereinschauen. Vieles \u00fcber die Aktivit\u00e4ten werden Sie hier auf unseren Seiten lesen k\u00f6nnen. Aber auch vereinsinterne Informationen bieten wir an, Fotos, Pressetexte und nat\u00fcrlich unsere Termine.<\/p>\n\n\n\n<p>Der Hegefischerverein Lippe 1988 e.V. hat seinen Sitz in B\u00f6nen, einer Gemeinde am Ortsrand des l\u00e4ngst nicht mehr von Kohle gepr\u00e4gten Ruhrgebiets in Nordrhein-Westfalen.<\/p>\n\n\n\n<p>Wir haben eigene Vereinsgew\u00e4sser an denen wir uns regelm\u00e4\u00dfig treffen um zu angeln, zu fachsimpeln und beisammen zu sein. Lesen Sie auf den Folgeseiten mehr \u00fcber uns. Und, wenn Sie m\u00f6gen, machen Sie bei uns mit.<\/p>\n\n\n\n<div style=\"height:50px\" aria-hidden=\"true\" class=\"wp-block-spacer\"><\/div>\n\n\n\n<figure class=\"wp-block-image size-large\"><a href=\"https:\/\/www.hfv-boenen.bplaced.net\/wordpress\/wp-content\/uploads\/2014\/02\/Gruppenbild-2017-e1504807647868.jpg\"><img loading=\"lazy\" decoding=\"async\" width=\"1024\" height=\"491\" src=\"https:\/\/www.hfv-boenen.bplaced.net\/wordpress\/wp-content\/uploads\/2014\/02\/Gruppenbild-2017-1024x491.jpg\" alt=\"\" class=\"wp-image-2057\"\/><\/a><\/figure>\n\n\n<div class=\"logged-out wp-block-loginout\"><a href=\"https:\/\/www.hfv-boenen.bplaced.net\/wordpress\/wp-login.php?redirect_to=https%3A%2F%2Fwww.hfv-boenen.bplaced.net%2Fwordpress%2Findex.php%3Frest_route%3D%252Fwp%252Fv2%252Fpages%252F202\">Anmelden<\/a><\/div>","protected":false},"excerpt":{"rendered":"<p>Willkommen beim Hegefischerverein Lippe 1988 e.V. Sch\u00f6n, dass Sie bei uns hereinschauen. Vieles \u00fcber die Aktivit\u00e4ten werden Sie hier auf unseren Seiten lesen k\u00f6nnen. Aber auch vereinsinterne Informationen bieten wir <a class=\"more-link\" href=\"https:\/\/www.hfv-boenen.bplaced.net\/wordpress\/\">Continue Reading &rarr;<\/a><\/p>\n","protected":false},"author":1,"featured_media":0,"parent":0,"menu_order":10,"comment_status":"closed","ping_status":"closed","template":"","meta":{"footnotes":""},"class_list":["post-202","page","type-page","status-publish","hentry"],"_links":{"self":[{"href":"https:\/\/www.hfv-boenen.bplaced.net\/wordpress\/index.php?rest_route=\/wp\/v2\/pages\/202","targetHints":{"allow":["GET"]}}],"collection":[{"href":"https:\/\/www.hfv-boenen.bplaced.net\/wordpress\/index.php?rest_route=\/wp\/v2\/pages"}],"about":[{"href":"https:\/\/www.hfv-boenen.bplaced.net\/wordpress\/index.php?rest_route=\/wp\/v2\/types\/page"}],"author":[{"embeddable":true,"href":"https:\/\/www.hfv-boenen.bplaced.net\/wordpress\/index.php?rest_route=\/wp\/v2\/users\/1"}],"replies":[{"embeddable":true,"href":"https:\/\/www.hfv-boenen.bplaced.net\/wordpress\/index.php?rest_route=%2Fwp%2Fv2%2Fcomments&post=202"}],"version-history":[{"count":46,"href":"https:\/\/www.hfv-boenen.bplaced.net\/wordpress\/index.php?rest_route=\/wp\/v2\/pages\/202\/revisions"}],"predecessor-version":[{"id":3259,"href":"https:\/\/www.hfv-boenen.bplaced.net\/wordpress\/index.php?rest_route=\/wp\/v2\/pages\/202\/revisions\/3259"}],"wp:attachment":[{"href":"https:\/\/www.hfv-boenen.bplaced.net\/wordpress\/index.php?rest_route=%2Fwp%2Fv2%2Fmedia&parent=202"}],"curies":[{"name":"wp","href":"https:\/\/api.w.org\/{rel}","templated":true}]}}